{"id":1427,"date":"2021-11-22T02:54:44","date_gmt":"2021-11-22T02:54:44","guid":{"rendered":"https:\/\/ideipi.usac.edu.gt\/?page_id=1427"},"modified":"2021-11-22T03:12:17","modified_gmt":"2021-11-22T03:12:17","slug":"area-de-migraciones","status":"publish","type":"page","link":"https:\/\/ideipi.usac.edu.gt\/index.php\/area-de-migraciones\/","title":{"rendered":"\u00c1REA DE MIGRACIONES"},"content":{"rendered":"<p>Se realiza investigaci\u00f3n con acci\u00f3n propositiva sobre migraciones internacionales de pueblos ind\u00edgenas de Guatemala (hacia Estados Unidos y M\u00e9xico) cuya producci\u00f3n de conocimientos sobre la realidad migratoria (problem\u00e1tica y potencialidad) facilita la orientaci\u00f3n de pol\u00edticas, programas de comunicaci\u00f3n y formaci\u00f3n de proyectos de atenci\u00f3n migratoria con enfoque y pertinencia \u00e9tnica cultural.<\/p><p>Se generan &nbsp;procesos de informaci\u00f3n y an\u00e1lisis que resalten la composici\u00f3n \u00e9tnica de la migraci\u00f3n guatemalteca, ya que la mayor\u00eda de estad\u00edsticas, an\u00e1lisis, investigaci\u00f3n y procesos de formulaci\u00f3n de pol\u00edticas y programas, carecen del enfoque \u00e9tnico y de pertinencia cultural, situaci\u00f3n que invisibiliza el factor \u00e9tnico de las migraciones en Guatemala.<\/p><p><strong>Persona Encargada<\/strong> \u00a0Alvaro Caballeros<\/p><p><strong>Correo Institucional:<\/strong>\u00a0caballeros.alvaro@usac.edu.gt\u00a0<\/p>","protected":false},"excerpt":{"rendered":"<p>Se realiza investigaci\u00f3n con acci\u00f3n propositiva sobre migraciones internacionales de pueblos ind\u00edgenas de Guatemala (hacia Estados Unidos y M\u00e9xico) cuya producci\u00f3n de conocimientos sobre la realidad migratoria (problem\u00e1tica y potencialidad) facilita la orientaci\u00f3n de pol\u00edticas, programas de comunicaci\u00f3n y formaci\u00f3n de proyectos de atenci\u00f3n migratoria con enfoque y pertinencia \u00e9tnica cultural. Se generan &nbsp;procesos de [&hellip;]<\/p>\n","protected":false},"author":1,"featured_media":0,"parent":0,"menu_order":0,"comment_status":"closed","ping_status":"closed","template":"","meta":{"footnotes":""},"class_list":["post-1427","page","type-page","status-publish","czr-hentry"],"_links":{"self":[{"href":"https:\/\/ideipi.usac.edu.gt\/index.php\/wp-json\/wp\/v2\/pages\/1427"}],"collection":[{"href":"https:\/\/ideipi.usac.edu.gt\/index.php\/wp-json\/wp\/v2\/pages"}],"about":[{"href":"https:\/\/ideipi.usac.edu.gt\/index.php\/wp-json\/wp\/v2\/types\/page"}],"author":[{"embeddable":true,"href":"https:\/\/ideipi.usac.edu.gt\/index.php\/wp-json\/wp\/v2\/users\/1"}],"replies":[{"embeddable":true,"href":"https:\/\/ideipi.usac.edu.gt\/index.php\/wp-json\/wp\/v2\/comments?post=1427"}],"version-history":[{"count":4,"href":"https:\/\/ideipi.usac.edu.gt\/index.php\/wp-json\/wp\/v2\/pages\/1427\/revisions"}],"predecessor-version":[{"id":1435,"href":"https:\/\/ideipi.usac.edu.gt\/index.php\/wp-json\/wp\/v2\/pages\/1427\/revisions\/1435"}],"wp:attachment":[{"href":"https:\/\/ideipi.usac.edu.gt\/index.php\/wp-json\/wp\/v2\/media?parent=1427"}],"curies":[{"name":"wp","href":"https:\/\/api.w.org\/{rel}","templated":true}]}}