{"id":15,"date":"2020-05-22T03:25:46","date_gmt":"2020-05-22T03:25:46","guid":{"rendered":"http:\/\/c3.usac.edu.gt\/ideipi.usac.edu.gt\/public_html\/?page_id=15"},"modified":"2020-05-22T03:25:47","modified_gmt":"2020-05-22T03:25:47","slug":"3-estudios-socioeconomicos","status":"publish","type":"page","link":"https:\/\/ideipi.usac.edu.gt\/index.php\/3-estudios-socioeconomicos\/","title":{"rendered":"3. ESTUDIOS SOCIOECON\u00d3MICOS"},"content":{"rendered":"<p>Analiza la situaci\u00f3n socioecon\u00f3mica de los pueblos ind\u00edgenas, los indicadores diferenciados que evidencian el car\u00e1cter excluyente del Estado guatemalteco. Estudia los factores determinantes para el desarrollo humano de los pueblos ind\u00edgenas como el acceso a la tierra, mercados, tecnolog\u00edas de producci\u00f3n, falta de oportunidades y acceso a servicios b\u00e1sicos; que se traducen en pobreza, desempleo, desnutrici\u00f3n, migraci\u00f3n e informalidad.<\/p><p>Estudia los efectos de las pol\u00edticas econ\u00f3micas, la globalizaci\u00f3n, el libre mercado en las poblaciones rurales, campesinas e ind\u00edgenas y su impacto en la movilidad humana.<\/p><p>El \u00e1rea propone elementos para la formulaci\u00f3n de pol\u00edticas y programas que estimulen las din\u00e1micas econ\u00f3micas y el \u201cutz k\u2019aslemal\u201d (buen vivir) de los pueblos ind\u00edgenas.<\/p>","protected":false},"excerpt":{"rendered":"<p>Analiza la situaci\u00f3n socioecon\u00f3mica de los pueblos ind\u00edgenas, los indicadores diferenciados que evidencian el car\u00e1cter excluyente del Estado guatemalteco. Estudia los factores determinantes para el desarrollo humano de los pueblos ind\u00edgenas como el acceso a la tierra, mercados, tecnolog\u00edas de producci\u00f3n, falta de oportunidades y acceso a servicios b\u00e1sicos; que se traducen en pobreza, desempleo, [&hellip;]<\/p>\n","protected":false},"author":1,"featured_media":0,"parent":0,"menu_order":0,"comment_status":"closed","ping_status":"closed","template":"","meta":{"footnotes":""},"class_list":["post-15","page","type-page","status-publish","czr-hentry"],"_links":{"self":[{"href":"https:\/\/ideipi.usac.edu.gt\/index.php\/wp-json\/wp\/v2\/pages\/15"}],"collection":[{"href":"https:\/\/ideipi.usac.edu.gt\/index.php\/wp-json\/wp\/v2\/pages"}],"about":[{"href":"https:\/\/ideipi.usac.edu.gt\/index.php\/wp-json\/wp\/v2\/types\/page"}],"author":[{"embeddable":true,"href":"https:\/\/ideipi.usac.edu.gt\/index.php\/wp-json\/wp\/v2\/users\/1"}],"replies":[{"embeddable":true,"href":"https:\/\/ideipi.usac.edu.gt\/index.php\/wp-json\/wp\/v2\/comments?post=15"}],"version-history":[{"count":1,"href":"https:\/\/ideipi.usac.edu.gt\/index.php\/wp-json\/wp\/v2\/pages\/15\/revisions"}],"predecessor-version":[{"id":16,"href":"https:\/\/ideipi.usac.edu.gt\/index.php\/wp-json\/wp\/v2\/pages\/15\/revisions\/16"}],"wp:attachment":[{"href":"https:\/\/ideipi.usac.edu.gt\/index.php\/wp-json\/wp\/v2\/media?parent=15"}],"curies":[{"name":"wp","href":"https:\/\/api.w.org\/{rel}","templated":true}]}}