{"id":1508,"date":"2021-12-02T15:41:21","date_gmt":"2021-12-02T15:41:21","guid":{"rendered":"https:\/\/ideipi.usac.edu.gt\/?page_id=1508"},"modified":"2021-12-02T15:41:24","modified_gmt":"2021-12-02T15:41:24","slug":"cronicas-indigenas","status":"publish","type":"page","link":"https:\/\/ideipi.usac.edu.gt\/index.php\/cronicas-indigenas\/","title":{"rendered":"CR\u00d3NICAS INDIGENAS"},"content":{"rendered":"<p>\u00c1rea orientada hacia la investigaci\u00f3n y divulgaci\u00f3n de las cr\u00f3nicas ind\u00edgenas, especialmente las de origen maya. Dichas cr\u00f3nicas son importantes para conocer la cosmogon\u00eda, cosmovisi\u00f3n, organizaci\u00f3n social, geograf\u00eda, territorios e historia de los pueblos ind\u00edgenas. As\u00ed mismo, se encuentra informaci\u00f3n valiosa sobre nombres propios de plantas y animales de estas latitudes.<br>Uno de los procesos a impulsar es la divulgaci\u00f3n de dichas cr\u00f3nicas ya que las mismas son desconocidas por los propios pueblos ind\u00edgenas y la poblaci\u00f3n en general. Actualmente tienen acceso un reducido n\u00famero de especialistas de las ciencias sociales como historiadores, arque\u00f3logos y antrop\u00f3logos. Al divulgar el contenido de dichas cr\u00f3nicas se busca mejorar las relaciones inter\u00e9tnicas.<\/p><p><strong>Persona Encargada:<\/strong> Licenciada Lina Barrios<\/p><p><strong>Correo Institucional:<\/strong> linaeugenia.ideipi@digi.usac.edu.gt<\/p>","protected":false},"excerpt":{"rendered":"<p>\u00c1rea orientada hacia la investigaci\u00f3n y divulgaci\u00f3n de las cr\u00f3nicas ind\u00edgenas, especialmente las de origen maya. Dichas cr\u00f3nicas son importantes para conocer la cosmogon\u00eda, cosmovisi\u00f3n, organizaci\u00f3n social, geograf\u00eda, territorios e historia de los pueblos ind\u00edgenas. As\u00ed mismo, se encuentra informaci\u00f3n valiosa sobre nombres propios de plantas y animales de estas latitudes.Uno de los procesos a [&hellip;]<\/p>\n","protected":false},"author":1,"featured_media":0,"parent":0,"menu_order":0,"comment_status":"closed","ping_status":"closed","template":"","meta":{"footnotes":""},"class_list":["post-1508","page","type-page","status-publish","czr-hentry"],"_links":{"self":[{"href":"https:\/\/ideipi.usac.edu.gt\/index.php\/wp-json\/wp\/v2\/pages\/1508"}],"collection":[{"href":"https:\/\/ideipi.usac.edu.gt\/index.php\/wp-json\/wp\/v2\/pages"}],"about":[{"href":"https:\/\/ideipi.usac.edu.gt\/index.php\/wp-json\/wp\/v2\/types\/page"}],"author":[{"embeddable":true,"href":"https:\/\/ideipi.usac.edu.gt\/index.php\/wp-json\/wp\/v2\/users\/1"}],"replies":[{"embeddable":true,"href":"https:\/\/ideipi.usac.edu.gt\/index.php\/wp-json\/wp\/v2\/comments?post=1508"}],"version-history":[{"count":1,"href":"https:\/\/ideipi.usac.edu.gt\/index.php\/wp-json\/wp\/v2\/pages\/1508\/revisions"}],"predecessor-version":[{"id":1509,"href":"https:\/\/ideipi.usac.edu.gt\/index.php\/wp-json\/wp\/v2\/pages\/1508\/revisions\/1509"}],"wp:attachment":[{"href":"https:\/\/ideipi.usac.edu.gt\/index.php\/wp-json\/wp\/v2\/media?parent=1508"}],"curies":[{"name":"wp","href":"https:\/\/api.w.org\/{rel}","templated":true}]}}