{"id":2,"date":"2020-05-22T02:24:16","date_gmt":"2020-05-22T02:24:16","guid":{"rendered":"http:\/\/c3.usac.edu.gt\/ideipi.usac.edu.gt\/public_html\/?page_id=2"},"modified":"2024-07-24T15:49:50","modified_gmt":"2024-07-24T15:49:50","slug":"inicio","status":"publish","type":"page","link":"https:\/\/ideipi.usac.edu.gt\/","title":{"rendered":"INICIO"},"content":{"rendered":"<p>El Instituto de Estudios Inter\u00e9tnicos y de los Pueblos Ind\u00edgenas \u2013 IDEIPI- es una instancia de investigaci\u00f3n interdisciplinaria sobre las condiciones hist\u00f3ricas y sociales de los pueblos ind\u00edgenas y la construcci\u00f3n de las relaciones \u00e9tnicas.<\/p><hr class=\"wp-block-separator\"\/><h1 class=\"alignwide has-text-align-center has-white-color has-vivid-red-background-color has-text-color has-background wp-block-heading\"><strong>EVENTOS<\/strong><\/h1><div class=\"wp-block-group\"><div class=\"wp-block-group__inner-container is-layout-flow wp-block-group-is-layout-flow\"><div class=\"wp-block-columns is-layout-flex wp-container-core-columns-is-layout-4 wp-block-columns-is-layout-flex\"><div class=\"wp-block-column is-layout-flow wp-block-column-is-layout-flow\" style=\"flex-basis:100%\"><div class=\"wp-block-query is-layout-flow wp-block-query-is-layout-flow\"><ul class=\"wp-block-post-template is-layout-flow wp-block-post-template-is-layout-flow\"><li class=\"wp-block-post post-2237 post type-post status-publish format-standard has-post-thumbnail category-eventos czr-hentry\"><div class=\"wp-block-columns alignwide is-layout-flex wp-container-core-columns-is-layout-1 wp-block-columns-is-layout-flex\"><div class=\"wp-block-column is-layout-flow wp-block-column-is-layout-flow\" style=\"flex-basis:66.66%\"><figure class=\"wp-block-post-featured-image\"><a href=\"https:\/\/ideipi.usac.edu.gt\/index.php\/2026\/03\/23\/convocatoria-revista-no-37\/\" target=\"_self\"  ><img loading=\"lazy\" decoding=\"async\" width=\"1131\" height=\"1600\" src=\"https:\/\/ideipi.usac.edu.gt\/wp-content\/uploads\/2026\/03\/WhatsApp-Image-2026-03-18-at-8.05.29-PM.jpeg\" class=\"attachment-post-thumbnail size-post-thumbnail wp-post-image\" alt=\"Convocatoria Revista No.37\" style=\"object-fit:cover;\" srcset=\"https:\/\/ideipi.usac.edu.gt\/wp-content\/uploads\/2026\/03\/WhatsApp-Image-2026-03-18-at-8.05.29-PM.jpeg 1131w, https:\/\/ideipi.usac.edu.gt\/wp-content\/uploads\/2026\/03\/WhatsApp-Image-2026-03-18-at-8.05.29-PM-212x300.jpeg 212w, https:\/\/ideipi.usac.edu.gt\/wp-content\/uploads\/2026\/03\/WhatsApp-Image-2026-03-18-at-8.05.29-PM-724x1024.jpeg 724w, https:\/\/ideipi.usac.edu.gt\/wp-content\/uploads\/2026\/03\/WhatsApp-Image-2026-03-18-at-8.05.29-PM-768x1086.jpeg 768w, https:\/\/ideipi.usac.edu.gt\/wp-content\/uploads\/2026\/03\/WhatsApp-Image-2026-03-18-at-8.05.29-PM-1086x1536.jpeg 1086w, https:\/\/ideipi.usac.edu.gt\/wp-content\/uploads\/2026\/03\/WhatsApp-Image-2026-03-18-at-8.05.29-PM-600x849.jpeg 600w\" sizes=\"(max-width: 1131px) 100vw, 1131px\" \/><\/a><\/figure><\/div>\n\n<div class=\"wp-block-column is-layout-flow wp-block-column-is-layout-flow\" style=\"flex-basis:33.33%\"><h2 class=\"wp-block-post-title\"><a href=\"https:\/\/ideipi.usac.edu.gt\/index.php\/2026\/03\/23\/convocatoria-revista-no-37\/\" target=\"_self\" >Convocatoria Revista No.37<\/a><\/h2>\n\n<div class=\"wp-block-post-excerpt\"><p class=\"wp-block-post-excerpt__excerpt\">El Instituto de Estudios Inter\u00e9tnicos y de los Pueblos Ind\u00edgenas convoca a investigadores sociales a participar enviando art\u00edculos, testimonios, documentos y rese\u00f1as para publicar en \ud835\udc11\ud835\udc1e\ud835\udc2f\ud835\udc22\ud835\udc2c\ud835\udc2d\ud835\udc1a \ud835\udc04\ud835\udc2c\ud835\udc2d\ud835\udc2e\ud835\udc1d\ud835\udc22\ud835\udc28\ud835\udc2c \ud835\udc08\ud835\udc27\ud835\udc2d\ud835\udc1e\ud835\udc2b\ud835\udc1e\ud835\udc2d\ud835\udc27\ud835\udc22\ud835\udc1c\ud835\udc28\ud835\udc2c N\u00famero 37. Los art\u00edculos recibidos ser\u00e1n enviados a pares acad\u00e9micos para su evaluaci\u00f3n y publicaci\u00f3n. Para mayor informaci\u00f3n, puede comunicarse a: gamaliel.camposeco.ideipi@digi.usac.edu.gt o revistaideipi@digi.usac.edu.gt <\/p><\/div><\/div><\/div><\/li><li class=\"wp-block-post post-2148 post type-post status-publish format-standard has-post-thumbnail category-eventos czr-hentry\"><div class=\"wp-block-columns alignwide is-layout-flex wp-container-core-columns-is-layout-2 wp-block-columns-is-layout-flex\"><div class=\"wp-block-column is-layout-flow wp-block-column-is-layout-flow\" style=\"flex-basis:66.66%\"><figure class=\"wp-block-post-featured-image\"><a href=\"https:\/\/ideipi.usac.edu.gt\/index.php\/2025\/03\/21\/convocatoria-para-publicar-articulos-revista-estudios-interetnicos-no-36\/\" target=\"_self\"  ><img loading=\"lazy\" decoding=\"async\" width=\"1545\" height=\"2000\" src=\"https:\/\/ideipi.usac.edu.gt\/wp-content\/uploads\/2025\/06\/Copia-de-Convocatoria-ampliada.png\" class=\"attachment-post-thumbnail size-post-thumbnail wp-post-image\" alt=\"Convocatoria para publicar art\u00edculos en la Revista Estudios Inter\u00e9tnicos No. 36\" style=\"object-fit:cover;\" srcset=\"https:\/\/ideipi.usac.edu.gt\/wp-content\/uploads\/2025\/06\/Copia-de-Convocatoria-ampliada.png 1545w, https:\/\/ideipi.usac.edu.gt\/wp-content\/uploads\/2025\/06\/Copia-de-Convocatoria-ampliada-232x300.png 232w, https:\/\/ideipi.usac.edu.gt\/wp-content\/uploads\/2025\/06\/Copia-de-Convocatoria-ampliada-791x1024.png 791w, https:\/\/ideipi.usac.edu.gt\/wp-content\/uploads\/2025\/06\/Copia-de-Convocatoria-ampliada-768x994.png 768w, https:\/\/ideipi.usac.edu.gt\/wp-content\/uploads\/2025\/06\/Copia-de-Convocatoria-ampliada-1187x1536.png 1187w, https:\/\/ideipi.usac.edu.gt\/wp-content\/uploads\/2025\/06\/Copia-de-Convocatoria-ampliada-600x777.png 600w\" sizes=\"(max-width: 1545px) 100vw, 1545px\" \/><\/a><\/figure><\/div>\n\n<div class=\"wp-block-column is-layout-flow wp-block-column-is-layout-flow\" style=\"flex-basis:33.33%\"><h2 class=\"wp-block-post-title\"><a href=\"https:\/\/ideipi.usac.edu.gt\/index.php\/2025\/03\/21\/convocatoria-para-publicar-articulos-revista-estudios-interetnicos-no-36\/\" target=\"_self\" >Convocatoria para publicar art\u00edculos en la Revista Estudios Inter\u00e9tnicos No. 36<\/a><\/h2>\n\n<div class=\"wp-block-post-excerpt\"><p class=\"wp-block-post-excerpt__excerpt\">Nos complace invitarles a enviar sus art\u00edculos y contribuciones para la pr\u00f3xima edici\u00f3n de nuestra Revista Estudios Inter\u00e9tnicos No. 36. Este es un espacio abierto para que compartan sus ideas, investigaciones y reflexiones sobre temas de actualidad, cultura y ciencia. Su participaci\u00f3n es fundamental para enriquecer el contenido de nuestra publicaci\u00f3n y fomentar el di\u00e1logo&hellip; <\/p><\/div><\/div><\/div><\/li><li class=\"wp-block-post post-2102 post type-post status-publish format-standard category-eventos czr-hentry\"><div class=\"wp-block-columns alignwide is-layout-flex wp-container-core-columns-is-layout-3 wp-block-columns-is-layout-flex\"><div class=\"wp-block-column is-layout-flow wp-block-column-is-layout-flow\" style=\"flex-basis:66.66%\"><\/div>\n\n<div class=\"wp-block-column is-layout-flow wp-block-column-is-layout-flow\" style=\"flex-basis:33.33%\"><h2 class=\"wp-block-post-title\"><a href=\"https:\/\/ideipi.usac.edu.gt\/index.php\/2024\/09\/06\/dia-internacional-de-la-mujer-indigena\/\" target=\"_self\" >D\u00eda internacional de la mujer ind\u00edgena<\/a><\/h2>\n\n<div class=\"wp-block-post-excerpt\"><p class=\"wp-block-post-excerpt__excerpt\"> <\/p><\/div><\/div><\/div><\/li><\/ul><\/div><\/div><\/div><\/div><\/div>","protected":false},"excerpt":{"rendered":"<p>El Instituto de Estudios Inter\u00e9tnicos y de los Pueblos Ind\u00edgenas \u2013 IDEIPI- es una instancia de investigaci\u00f3n interdisciplinaria sobre las condiciones hist\u00f3ricas y sociales de los pueblos ind\u00edgenas y la construcci\u00f3n de las relaciones \u00e9tnicas. EVENTOS<\/p>\n","protected":false},"author":1,"featured_media":0,"parent":0,"menu_order":0,"comment_status":"closed","ping_status":"closed","template":"","meta":{"footnotes":""},"class_list":["post-2","page","type-page","status-publish","czr-hentry"],"_links":{"self":[{"href":"https:\/\/ideipi.usac.edu.gt\/index.php\/wp-json\/wp\/v2\/pages\/2"}],"collection":[{"href":"https:\/\/ideipi.usac.edu.gt\/index.php\/wp-json\/wp\/v2\/pages"}],"about":[{"href":"https:\/\/ideipi.usac.edu.gt\/index.php\/wp-json\/wp\/v2\/types\/page"}],"author":[{"embeddable":true,"href":"https:\/\/ideipi.usac.edu.gt\/index.php\/wp-json\/wp\/v2\/users\/1"}],"replies":[{"embeddable":true,"href":"https:\/\/ideipi.usac.edu.gt\/index.php\/wp-json\/wp\/v2\/comments?post=2"}],"version-history":[{"count":7,"href":"https:\/\/ideipi.usac.edu.gt\/index.php\/wp-json\/wp\/v2\/pages\/2\/revisions"}],"predecessor-version":[{"id":1788,"href":"https:\/\/ideipi.usac.edu.gt\/index.php\/wp-json\/wp\/v2\/pages\/2\/revisions\/1788"}],"wp:attachment":[{"href":"https:\/\/ideipi.usac.edu.gt\/index.php\/wp-json\/wp\/v2\/media?parent=2"}],"curies":[{"name":"wp","href":"https:\/\/api.w.org\/{rel}","templated":true}]}}