{"id":25,"date":"2020-05-22T03:35:01","date_gmt":"2020-05-22T03:35:01","guid":{"rendered":"http:\/\/c3.usac.edu.gt\/ideipi.usac.edu.gt\/public_html\/?page_id=25"},"modified":"2020-05-22T03:35:02","modified_gmt":"2020-05-22T03:35:02","slug":"contactenos","status":"publish","type":"page","link":"https:\/\/ideipi.usac.edu.gt\/index.php\/contactenos\/","title":{"rendered":"CONT\u00c1CTENOS"},"content":{"rendered":"<p>Direcci\u00f3n: 10 calle 9-37 zona1, Centro Hist\u00f3rico, Guatemala, Guatemala<\/p><p>Tel\u00e9fono: 2251-2391<\/p><iframe loading=\"lazy\" src=\"https:\/\/www.google.com\/maps\/embed?pb=!1m23!1m12!1m3!1d2997.407819208803!2d-90.51151769978112!3d14.638558130826764!2m3!1f0!2f0!3f0!3m2!1i1024!2i768!4f13.1!4m8!3e6!4m0!4m5!1s0x8589a21437ef6229%3A0xff7671af686737ec!2s10A+Calle+10%2C+Guatemala!3m2!1d14.6384511!2d-90.5104241!5e0!3m2!1ses-419!2sgt!4v1460989275883\" width=\"1000\" height=\"600\" frameborder=\"0\" allowfullscreen=\"allowfullscreen\" data-mce-fragment=\"1\"><\/iframe>","protected":false},"excerpt":{"rendered":"<p>Direcci\u00f3n: 10 calle 9-37 zona1, Centro Hist\u00f3rico, Guatemala, Guatemala Tel\u00e9fono: 2251-2391<\/p>\n","protected":false},"author":1,"featured_media":0,"parent":0,"menu_order":0,"comment_status":"closed","ping_status":"closed","template":"","meta":{"footnotes":""},"class_list":["post-25","page","type-page","status-publish","czr-hentry"],"_links":{"self":[{"href":"https:\/\/ideipi.usac.edu.gt\/index.php\/wp-json\/wp\/v2\/pages\/25"}],"collection":[{"href":"https:\/\/ideipi.usac.edu.gt\/index.php\/wp-json\/wp\/v2\/pages"}],"about":[{"href":"https:\/\/ideipi.usac.edu.gt\/index.php\/wp-json\/wp\/v2\/types\/page"}],"author":[{"embeddable":true,"href":"https:\/\/ideipi.usac.edu.gt\/index.php\/wp-json\/wp\/v2\/users\/1"}],"replies":[{"embeddable":true,"href":"https:\/\/ideipi.usac.edu.gt\/index.php\/wp-json\/wp\/v2\/comments?post=25"}],"version-history":[{"count":1,"href":"https:\/\/ideipi.usac.edu.gt\/index.php\/wp-json\/wp\/v2\/pages\/25\/revisions"}],"predecessor-version":[{"id":26,"href":"https:\/\/ideipi.usac.edu.gt\/index.php\/wp-json\/wp\/v2\/pages\/25\/revisions\/26"}],"wp:attachment":[{"href":"https:\/\/ideipi.usac.edu.gt\/index.php\/wp-json\/wp\/v2\/media?parent=25"}],"curies":[{"name":"wp","href":"https:\/\/api.w.org\/{rel}","templated":true}]}}