{"id":1425,"date":"2021-11-22T02:11:58","date_gmt":"2021-11-22T02:11:58","guid":{"rendered":"https:\/\/ideipi.usac.edu.gt\/?post_type=product&#038;p=1425"},"modified":"2021-11-22T02:11:58","modified_gmt":"2021-11-22T02:11:58","slug":"el-capitalismo-del-centavo-una-economia-indigena-de-guatemala-v-2","status":"publish","type":"product","link":"https:\/\/ideipi.usac.edu.gt\/index.php\/producto\/el-capitalismo-del-centavo-una-economia-indigena-de-guatemala-v-2\/","title":{"rendered":"El Capitalismo del Centavo Una Econom\u00eda Ind\u00edgena de Guatemala v.2"},"content":{"rendered":"<p>El Capitalismo del Centavo Una Econom\u00eda Ind\u00edgena de Guatemala v.2<\/p>\n","protected":false},"excerpt":{"rendered":"<p>El Capitalismo del Centavo Una Econom\u00eda Ind\u00edgena de Guatemala v.2<\/p>\n","protected":false},"featured_media":1401,"comment_status":"open","ping_status":"closed","template":"","meta":[],"product_brand":[],"product_cat":[22],"product_tag":[],"class_list":{"0":"post-1425","1":"product","2":"type-product","3":"status-publish","4":"has-post-thumbnail","6":"product_cat-seminario","8":"first","9":"instock","10":"downloadable","11":"shipping-taxable","12":"product-type-simple","13":"czr-hentry"},"_links":{"self":[{"href":"https:\/\/ideipi.usac.edu.gt\/index.php\/wp-json\/wp\/v2\/product\/1425"}],"collection":[{"href":"https:\/\/ideipi.usac.edu.gt\/index.php\/wp-json\/wp\/v2\/product"}],"about":[{"href":"https:\/\/ideipi.usac.edu.gt\/index.php\/wp-json\/wp\/v2\/types\/product"}],"replies":[{"embeddable":true,"href":"https:\/\/ideipi.usac.edu.gt\/index.php\/wp-json\/wp\/v2\/comments?post=1425"}],"wp:featuredmedia":[{"embeddable":true,"href":"https:\/\/ideipi.usac.edu.gt\/index.php\/wp-json\/wp\/v2\/media\/1401"}],"wp:attachment":[{"href":"https:\/\/ideipi.usac.edu.gt\/index.php\/wp-json\/wp\/v2\/media?parent=1425"}],"wp:term":[{"taxonomy":"product_brand","embeddable":true,"href":"https:\/\/ideipi.usac.edu.gt\/index.php\/wp-json\/wp\/v2\/product_brand?post=1425"},{"taxonomy":"product_cat","embeddable":true,"href":"https:\/\/ideipi.usac.edu.gt\/index.php\/wp-json\/wp\/v2\/product_cat?post=1425"},{"taxonomy":"product_tag","embeddable":true,"href":"https:\/\/ideipi.usac.edu.gt\/index.php\/wp-json\/wp\/v2\/product_tag?post=1425"}],"curies":[{"name":"wp","href":"https:\/\/api.w.org\/{rel}","templated":true}]}}