{"id":1493,"date":"2021-12-02T02:49:39","date_gmt":"2021-12-02T02:49:39","guid":{"rendered":"https:\/\/ideipi.usac.edu.gt\/?post_type=product&#038;p=1493"},"modified":"2021-12-08T02:31:10","modified_gmt":"2021-12-08T02:31:10","slug":"revista-guatemala-indigena-no-16","status":"publish","type":"product","link":"https:\/\/ideipi.usac.edu.gt\/index.php\/producto\/revista-guatemala-indigena-no-16\/","title":{"rendered":"Revista Guatemala Ind\u00edgena v.5 No.2 a\u00f1o 1970"},"content":{"rendered":"<p>Revista Guatemala Ind\u00edgena v.5 No.2 a\u00f1o 1970<\/p>\n","protected":false},"excerpt":{"rendered":"<p>Revista Guatemala Ind\u00edgena v.5 No.2 a\u00f1o 1970<\/p>\n","protected":false},"featured_media":1463,"comment_status":"open","ping_status":"closed","template":"","meta":[],"product_brand":[],"product_cat":[23],"product_tag":[],"class_list":{"0":"post-1493","1":"product","2":"type-product","3":"status-publish","4":"has-post-thumbnail","6":"product_cat-revista-guatemala-indigena","8":"first","9":"instock","10":"shipping-taxable","11":"product-type-simple","12":"czr-hentry"},"_links":{"self":[{"href":"https:\/\/ideipi.usac.edu.gt\/index.php\/wp-json\/wp\/v2\/product\/1493"}],"collection":[{"href":"https:\/\/ideipi.usac.edu.gt\/index.php\/wp-json\/wp\/v2\/product"}],"about":[{"href":"https:\/\/ideipi.usac.edu.gt\/index.php\/wp-json\/wp\/v2\/types\/product"}],"replies":[{"embeddable":true,"href":"https:\/\/ideipi.usac.edu.gt\/index.php\/wp-json\/wp\/v2\/comments?post=1493"}],"wp:featuredmedia":[{"embeddable":true,"href":"https:\/\/ideipi.usac.edu.gt\/index.php\/wp-json\/wp\/v2\/media\/1463"}],"wp:attachment":[{"href":"https:\/\/ideipi.usac.edu.gt\/index.php\/wp-json\/wp\/v2\/media?parent=1493"}],"wp:term":[{"taxonomy":"product_brand","embeddable":true,"href":"https:\/\/ideipi.usac.edu.gt\/index.php\/wp-json\/wp\/v2\/product_brand?post=1493"},{"taxonomy":"product_cat","embeddable":true,"href":"https:\/\/ideipi.usac.edu.gt\/index.php\/wp-json\/wp\/v2\/product_cat?post=1493"},{"taxonomy":"product_tag","embeddable":true,"href":"https:\/\/ideipi.usac.edu.gt\/index.php\/wp-json\/wp\/v2\/product_tag?post=1493"}],"curies":[{"name":"wp","href":"https:\/\/api.w.org\/{rel}","templated":true}]}}